{"id":460,"date":"2021-03-23T07:40:44","date_gmt":"2021-03-23T07:40:44","guid":{"rendered":"http:\/\/reformaintegral.com\/?page_id=460"},"modified":"2021-03-23T07:40:44","modified_gmt":"2021-03-23T07:40:44","slug":"politica-de-cookies","status":"publish","type":"page","link":"http:\/\/reformaintegral.com\/index.php\/politica-de-cookies\/","title":{"rendered":"Pol\u00edtica de cookies"},"content":{"rendered":"<p><strong>\u00bfQu\u00e9 son las cookies? <\/strong><\/p>\n<p>&nbsp;<\/p>\n<p>Las cookies son peque\u00f1os archivos de datos que se reciben en el terminal desde el sitio Web visitado y se usan para registrar ciertas interacciones de la navegaci\u00f3n en un sitio Web almacenando datos que podr\u00e1n ser actualizados y recuperados. Estos archivos se almacenan en el ordenador del usuario y contiene datos an\u00f3nimos que no son perjudiciales para su equipo. Se utilizan para recordar las preferencias del usuario, como el idioma seleccionado, datos de acceso o personalizaci\u00f3n de la p\u00e1gina.<\/p>\n<p>&nbsp;<\/p>\n<p>Las Cookies tambi\u00e9n pueden ser utilizadas para registrar informaci\u00f3n an\u00f3nima acerca de c\u00f3mo un visitante utiliza un sitio. Por ejemplo, desde qu\u00e9 p\u00e1gina Web ha accedido, o si ha utilizado un \u00abbanner\u00bb publicitario para llegar.<\/p>\n<p>&nbsp;<\/p>\n<p>&nbsp;<\/p>\n<p>&nbsp;<\/p>\n<p><strong>\u00bfQu\u00e9 uso le damos a los diferentes tipos de cookies?<\/strong><\/p>\n<p><strong>\u00a0<\/strong><\/p>\n<p><strong>Seg\u00fan su finalidad:<\/strong><\/p>\n<p><strong>\u00a0<\/strong><\/p>\n<table>\n<tbody>\n<tr>\n<td width=\"325\"><strong>\u00a0<\/strong><\/p>\n<p><strong>\u00a0<\/strong><\/p>\n<p><strong>\u00a0<\/strong><\/p>\n<p><strong>\u00a0<\/strong><\/p>\n<p><strong>Cookies t\u00e9cnicas<\/strong><\/td>\n<td width=\"325\">&nbsp;<\/p>\n<p>Las cookies t\u00e9cnicas son aquellas facilitan la navegaci\u00f3n del usuario y la utilizaci\u00f3n de las diferentes opciones o servicios que ofrece la web como identificar la sesi\u00f3n, permitir el acceso a determinadas \u00e1reas, facilitar pedidos, compras, cumplimentaci\u00f3n de formularios, inscripciones, seguridad, facilitar funcionalidades (videos, redes sociales\u2026).<\/p>\n<p>&nbsp;<\/td>\n<\/tr>\n<tr>\n<td width=\"325\"><strong>\u00a0<\/strong><\/p>\n<p><strong>\u00a0<\/strong><\/p>\n<p><strong>Cookies de personalizaci\u00f3n<\/strong><\/td>\n<td width=\"325\">&nbsp;<\/p>\n<p>Las cookies de personalizaci\u00f3n permiten al usuario acceder a los servicios seg\u00fan sus preferencias (idioma, navegador, configuraci\u00f3n\u2026).<\/p>\n<p>&nbsp;<\/td>\n<\/tr>\n<tr>\n<td width=\"325\"><strong>\u00a0<\/strong><\/p>\n<p><strong>\u00a0<\/strong><\/p>\n<p><strong>Cookies anal\u00edticas<\/strong><\/td>\n<td width=\"325\">&nbsp;<\/p>\n<p>Las cookies de an\u00e1lisis son las utilizadas para llevar a cabo el an\u00e1lisis an\u00f3nimo del comportamiento de los usuarios de la web y que permiten medir la actividad del usuario y elaborar perfiles de navegaci\u00f3n con el fin objetivo de mejorar los sitios web.<\/p>\n<p>&nbsp;<\/td>\n<\/tr>\n<tr>\n<td width=\"325\"><strong>\u00a0<\/strong><\/p>\n<p><strong>\u00a0<\/strong><\/p>\n<p><strong>\u00a0<\/strong><\/p>\n<p><strong>\u00a0<\/strong><\/p>\n<p><strong>Cookies publicitarias<\/strong><\/td>\n<td width=\"325\">&nbsp;<\/p>\n<p>Las cookies publicitarias permiten la gesti\u00f3n de los espacios publicitarios de la web. Adem\u00e1s, estas cookies pueden ser de publicidad personalizada y permitir as\u00ed la gesti\u00f3n de los espacios publicitarios de la web en base al comportamiento y h\u00e1bitos de navegaci\u00f3n de usuario, de donde se obtiene su perfil y permiten personalizar la publicidad que se muestra en el navegador del usuario u otros perfiles y redes sociales del usuario.<\/p>\n<p>&nbsp;<\/td>\n<\/tr>\n<\/tbody>\n<\/table>\n<p><strong>\u00a0<\/strong><\/p>\n<p><strong>\u00a0<\/strong><\/p>\n<p><strong>\u00a0<\/strong><\/p>\n<p><strong>\u00a0<\/strong><\/p>\n<p><strong>\u00a0<\/strong><\/p>\n<p><strong>\u00a0<\/strong><\/p>\n<p><strong>Seg\u00fan su plazo:<\/strong><\/p>\n<p>&nbsp;<\/p>\n<table>\n<tbody>\n<tr>\n<td width=\"325\"><strong>\u00a0<\/strong><\/p>\n<p><strong>\u00a0<\/strong><\/p>\n<p><strong>Cookies de sesi\u00f3n<\/strong><\/td>\n<td width=\"325\">&nbsp;<\/p>\n<p>Las cookies de sesi\u00f3n son aquellas que duran el tiempo que el usuario est\u00e1 navegando por la p\u00e1gina Web y se borran al cerrar el navegador.<\/p>\n<p>&nbsp;<\/td>\n<\/tr>\n<tr>\n<td width=\"325\"><strong>\u00a0<\/strong><\/p>\n<p><strong>\u00a0<\/strong><\/p>\n<p><strong>Cookies persistentes<\/strong><\/td>\n<td width=\"325\">&nbsp;<\/p>\n<p>Estas cookies quedan almacenadas en el terminal del usuario hasta que son eliminadas manualmente o haya concluido el periodo de duraci\u00f3n establecido para dicha cookie.<\/p>\n<p>&nbsp;<\/td>\n<\/tr>\n<\/tbody>\n<\/table>\n<p>&nbsp;<\/p>\n<p>&nbsp;<\/p>\n<p><strong>Seg\u00fan su titularidad:<\/strong><\/p>\n<p>&nbsp;<\/p>\n<table>\n<tbody>\n<tr>\n<td width=\"325\"><strong>\u00a0<\/strong><\/p>\n<p><strong>\u00a0<\/strong><\/p>\n<p><strong>Cookies propias<\/strong><\/td>\n<td width=\"325\">&nbsp;<\/p>\n<p>Aqu\u00e9llas que se env\u00edan al equipo terminal del usuario desde un equipo o dominio gestionado por el propio editor y desde el que se presta el servicio solicitado por el usuario.<\/p>\n<p>&nbsp;<\/td>\n<\/tr>\n<tr>\n<td width=\"325\"><strong>\u00a0<\/strong><\/p>\n<p><strong>\u00a0<\/strong><\/p>\n<p><strong>Cookies de terceros<\/strong><\/td>\n<td width=\"325\">&nbsp;<\/p>\n<p>Aqu\u00e9llas que se env\u00edan al equipo terminal del usuario desde un equipo o dominio que no es gestionado por el editor, sino por otra entidad que trata los datos obtenidos trav\u00e9s de las cookies.<\/td>\n<\/tr>\n<\/tbody>\n<\/table>\n<p>&nbsp;<\/p>\n<p>&nbsp;<\/p>\n<p><strong>La siguiente tabla recoge la clasificaci\u00f3n y descripci\u00f3n de las cookies utilizadas en la presente p\u00e1gina web para que puedas identificarlas en tu navegador:<\/strong><\/p>\n<p><strong>\u00a0<\/strong><\/p>\n<table width=\"100%\">\n<tbody>\n<tr>\n<td width=\"26%\"><strong>Nombre<\/strong><\/td>\n<td width=\"23%\"><strong>Titular<\/strong><\/td>\n<td width=\"17%\"><strong>Datos recabados<\/strong><\/td>\n<td width=\"12%\"><strong>Finalidad<\/strong><\/td>\n<td width=\"20%\"><strong>Duraci\u00f3n<\/strong><\/td>\n<\/tr>\n<tr>\n<td width=\"26%\"><strong>_ga<\/strong><\/td>\n<td width=\"23%\">Cookie propia \/ Cookie de terceros<\/td>\n<td width=\"17%\">Sesiones de los visitantes.<\/td>\n<td width=\"12%\">Anal\u00edtica.<\/td>\n<td width=\"20%\">2 a\u00f1os.<\/td>\n<\/tr>\n<tr>\n<td width=\"26%\">&nbsp;<\/p>\n<p><strong>_gid<\/strong><\/td>\n<td width=\"23%\">Cookie propia \/ Cookie de terceros<\/td>\n<td width=\"17%\">Sesiones de los visitantes.<\/td>\n<td width=\"12%\">Anal\u00edtica.<\/td>\n<td width=\"20%\">24 horas desde el final de la \u00faltima visita.<\/td>\n<\/tr>\n<tr>\n<td width=\"26%\"><strong>_gat<\/strong><\/td>\n<td width=\"23%\">Cookie propia \/ Cookie de terceros<\/td>\n<td width=\"17%\">Sesiones de los visitantes.<\/td>\n<td width=\"12%\">Anal\u00edtica.<\/td>\n<td width=\"20%\">1 minuto.<\/td>\n<\/tr>\n<tr>\n<td width=\"26%\"><strong>_fbp<\/strong><\/td>\n<td width=\"23%\">Cookie de terceros<\/p>\n<p>(Facebook)<\/td>\n<td width=\"17%\">Visitas a webs para remarketing.<\/td>\n<td width=\"12%\">Publicitaria.<\/td>\n<td width=\"20%\">90 d\u00edas.<\/td>\n<\/tr>\n<tr>\n<td width=\"26%\"><strong>fr<\/strong><\/td>\n<td width=\"23%\">Cookie de terceros<\/p>\n<p>(Facebook)<\/td>\n<td width=\"17%\">Visitas a webs para remarketing.<\/td>\n<td width=\"12%\">Publicitaria.<\/td>\n<td width=\"20%\">90 d\u00edas.<\/td>\n<\/tr>\n<tr>\n<td width=\"26%\"><strong>PHPSESSID<\/strong><\/td>\n<td width=\"23%\">Cookie propia<\/td>\n<td width=\"17%\">Sesiones y preferencias del visitante.<\/td>\n<td width=\"12%\">T\u00e9cnica.<\/td>\n<td width=\"20%\">Al finalizar la sesi\u00f3n con el navegador.<\/td>\n<\/tr>\n<tr>\n<td width=\"26%\"><strong>cfduid<\/strong><\/td>\n<td width=\"23%\">Cookie de terceros (www.luckyorange.net)<\/td>\n<td width=\"17%\">Sesiones de los visitantes.<\/td>\n<td width=\"12%\">T\u00e9cnica.<\/td>\n<td width=\"20%\">1 a\u00f1o<\/td>\n<\/tr>\n<tr>\n<td width=\"26%\"><strong>cfduid<\/strong><\/td>\n<td width=\"23%\">Cookie de terceros (tidiochat.com)<\/td>\n<td width=\"17%\">Sesiones de los visitantes.<\/td>\n<td width=\"12%\">T\u00e9cnica.<\/td>\n<td width=\"20%\">1 a\u00f1o<\/td>\n<\/tr>\n<tr>\n<td width=\"26%\"><strong>cfduid<\/strong><\/td>\n<td width=\"23%\">Cookie de terceros (tidio.co)<\/td>\n<td width=\"17%\">Sesiones de los visitantes.<\/td>\n<td width=\"12%\">T\u00e9cnica.<\/td>\n<td width=\"20%\">1 a\u00f1o<\/td>\n<\/tr>\n<\/tbody>\n<\/table>\n<p>&nbsp;<\/p>\n<p>&nbsp;<\/p>\n<p><strong>GENERAL EN REFORMAS CONSTRUCTIVAS, S.L.U. <\/strong>utiliza cookies t\u00e9cnicas, de personalizaci\u00f3n, an\u00e1lisis y publicitarias, propias y de terceros, que tratan datos de conexi\u00f3n y\/o del dispositivo, as\u00ed como h\u00e1bitos de navegaci\u00f3n para fines estad\u00edsticos y publicitarios.<\/p>\n<p>&nbsp;<\/p>\n<p>Por ello, al acceder a nuestra web, en cumplimiento del art\u00edculo 22 de la Ley de Servicios de la Sociedad de la Informaci\u00f3n le hemos solicitado su consentimiento para su uso.<\/p>\n<p>&nbsp;<\/p>\n<p>El suministro de datos personales a trav\u00e9s de nuestro portal y el consentimiento para el uso de cookies <u>requiere una edad m\u00ednima de 14 a\u00f1os<\/u> y la aceptaci\u00f3n expresa de nuestra Pol\u00edtica de Privacidad.<\/p>\n<p>&nbsp;<\/p>\n<p>&nbsp;<\/p>\n<p><strong>De todas formas, le informamos que puede activar o desactivar las cookies siguiendo las instrucciones de su navegador de Internet:<\/strong><\/p>\n<table width=\"760\">\n<tbody>\n<tr>\n<td width=\"142\"><strong>Chrome<\/strong><\/p>\n<p><strong>\u00a0<\/strong><\/td>\n<td width=\"274\">Configuraci\u00f3n \u00e0 Mostrar opciones avanzadas \u00e0 Privacidad \u00e0 Configuraci\u00f3n de contenido.<\/td>\n<td width=\"246\">support.google.com<\/p>\n<p>&nbsp;<\/td>\n<td width=\"99\">&nbsp;<\/td>\n<\/tr>\n<tr>\n<td width=\"142\"><strong>\u00a0<\/strong><\/p>\n<p><strong>Firefox<\/strong><\/p>\n<p><strong>\u00a0<\/strong><\/td>\n<td width=\"274\">Herramientas \u00e0 Opciones \u00e0 Privacidad \u00e0 Historial \u00e0 Configuraci\u00f3n Personalizada.<\/td>\n<td width=\"246\">support.mozilla.org<\/td>\n<td width=\"99\">&nbsp;<\/td>\n<\/tr>\n<tr>\n<td width=\"142\"><strong>Internet Explorer<\/strong><\/p>\n<p><strong>\u00a0<\/strong><\/td>\n<td width=\"274\">&nbsp;<\/p>\n<p>Herramientas \u00e0 Opciones de Internet \u00e0 Privacidad \u00e0 Configuraci\u00f3n.<\/p>\n<p>&nbsp;<\/td>\n<td width=\"246\">windows.microsoft.com<\/td>\n<td width=\"99\">&nbsp;<\/td>\n<\/tr>\n<tr>\n<td width=\"142\"><strong>Opera<\/strong><\/p>\n<p><strong>\u00a0<\/strong><\/td>\n<td width=\"274\">&nbsp;<\/p>\n<p>Herramientas \u00e0 Preferencias \u00e0 Editar preferencias \u00e0 Cookies.<\/p>\n<p>&nbsp;<\/td>\n<td width=\"246\"><a href=\"http:\/\/www.opera.com\/help\/tutorials\/security\/cookies\/\">http:\/\/www.opera.com\/help\/tutorials\/security\/cookies\/<\/a><\/td>\n<td width=\"99\">&nbsp;<\/p>\n<p>&nbsp;<\/td>\n<\/tr>\n<tr>\n<td width=\"142\"><strong>\u00a0<\/strong><\/p>\n<p><strong>Safari<\/strong><\/p>\n<p><strong>\u00a0<\/strong><\/td>\n<td width=\"274\">&nbsp;<\/p>\n<p>Preferencias \u00e0 Seguridad.<\/p>\n<p>&nbsp;<\/td>\n<td width=\"246\"><a href=\"http:\/\/www.apple.com\">http:\/\/www.apple.com<\/a><\/td>\n<td width=\"99\">&nbsp;<\/td>\n<\/tr>\n<tr>\n<td width=\"142\"><strong>Edge<\/strong><\/p>\n<p><strong>\u00a0<\/strong><\/td>\n<td width=\"274\">&nbsp;<\/p>\n<p>Configuraci\u00f3n \u00e0 Ver configuraci\u00f3n avanzada \u00e0 Privacidad y servicios \u00e0 Cookies.<\/p>\n<p>&nbsp;<\/td>\n<td width=\"246\"><a href=\"https:\/\/privacy.microsoft.com\/es-es\/windows-10-microsoft-edge-and-privacy\">https:\/\/privacy.microsoft.com\/es-es\/windows-10-microsoft-edge-and-privacy<\/a><\/p>\n<p>&nbsp;<\/td>\n<td width=\"99\">&nbsp;<\/td>\n<\/tr>\n<\/tbody>\n<\/table>\n","protected":false},"excerpt":{"rendered":"<p>\u00bfQu\u00e9 son las cookies? &nbsp; Las cookies son peque\u00f1os archivos de datos que se reciben en el terminal desde el sitio Web visitado y se usan para registrar ciertas interacciones de la navegaci\u00f3n en un sitio Web almacenando datos que podr\u00e1n ser actualizados y recuperados&#8230;.<\/p>\n","protected":false},"author":1,"featured_media":0,"parent":0,"menu_order":0,"comment_status":"closed","ping_status":"closed","template":"","meta":[],"_links":{"self":[{"href":"http:\/\/reformaintegral.com\/index.php\/wp-json\/wp\/v2\/pages\/460"}],"collection":[{"href":"http:\/\/reformaintegral.com\/index.php\/wp-json\/wp\/v2\/pages"}],"about":[{"href":"http:\/\/reformaintegral.com\/index.php\/wp-json\/wp\/v2\/types\/page"}],"author":[{"embeddable":true,"href":"http:\/\/reformaintegral.com\/index.php\/wp-json\/wp\/v2\/users\/1"}],"replies":[{"embeddable":true,"href":"http:\/\/reformaintegral.com\/index.php\/wp-json\/wp\/v2\/comments?post=460"}],"version-history":[{"count":1,"href":"http:\/\/reformaintegral.com\/index.php\/wp-json\/wp\/v2\/pages\/460\/revisions"}],"predecessor-version":[{"id":461,"href":"http:\/\/reformaintegral.com\/index.php\/wp-json\/wp\/v2\/pages\/460\/revisions\/461"}],"wp:attachment":[{"href":"http:\/\/reformaintegral.com\/index.php\/wp-json\/wp\/v2\/media?parent=460"}],"curies":[{"name":"wp","href":"https:\/\/api.w.org\/{rel}","templated":true}]}}