{"id":458,"date":"2021-03-23T07:39:52","date_gmt":"2021-03-23T07:39:52","guid":{"rendered":"http:\/\/reformaintegral.com\/?page_id=458"},"modified":"2021-03-23T07:39:52","modified_gmt":"2021-03-23T07:39:52","slug":"politica-de-privacidad","status":"publish","type":"page","link":"http:\/\/reformaintegral.com\/index.php\/politica-de-privacidad\/","title":{"rendered":"Pol\u00edtica de privacidad"},"content":{"rendered":"<p>La confidencialidad y la seguridad son valores primordiales de <strong>GENERAL EN REFORMAS CONSTRUCTIVAS, S.L.U. <\/strong>y, en consecuencia, asumimos el compromiso de garantizar la privacidad del Usuario en todo momento y de no recabar informaci\u00f3n innecesaria. A continuaci\u00f3n, le proporcionamos toda la informaci\u00f3n necesaria sobre nuestra Pol\u00edtica de Privacidad en relaci\u00f3n con los datos personales que recabamos, explic\u00e1ndole:<\/p>\n<ul>\n<li>Qui\u00e9n es el responsable del tratamiento de sus datos.<\/li>\n<li>Para qu\u00e9 finalidades recabamos los datos que le solicitamos.<\/li>\n<li>Cu\u00e1l es la legitimaci\u00f3n para su tratamiento.<\/li>\n<li>Durante cu\u00e1nto tiempo los conservamos.<\/li>\n<li>A qu\u00e9 destinatarios se comunican sus datos.<\/li>\n<li>Cu\u00e1les son sus derechos.<\/li>\n<\/ul>\n<ol>\n<li><strong>Responsable<\/strong>:<\/li>\n<\/ol>\n<p>Raz\u00f3n Social: <strong>GENERAL EN REFORMAS CONSTRUCTIVAS, S.L.U. <\/strong>(en adelante, la \u201cEmpresa\u201d o el \u201cResponsable\u201d).<br \/>\nCIF: B87348132<\/p>\n<p>Domicilio: AV. DE MADRID, 24, PLATA BAJA-LOCAL 6 de 28701 SAN SEBASTIAN DE LOS REYES (MADRID)<br \/>\nTel\u00e9fono: 667585640<br \/>\nEmail para comunicaciones en materia de Protecci\u00f3n de datos:<\/p>\n<p><a href=\"mailto:informacion@reforma-integral.com\">informacion@reforma-integral.com<\/a><\/p>\n<p>P\u00e1gina web: www.reformaintegral.com<\/p>\n<p>&nbsp;<\/p>\n<ol start=\"2\">\n<li><strong>Finalidades, legitimaci\u00f3n y conservaci\u00f3n de los tratamientos de los datos enviados a trav\u00e9s de<\/strong>:<\/li>\n<\/ol>\n<ul>\n<li>ENV\u00cdO DE CORREOS ELECTR\u00d3NICOS.<\/li>\n<\/ul>\n<p><strong>Finalidad:<\/strong> Contestar a sus solicitudes de informaci\u00f3n, atender sus peticiones y responder sus consultas o dudas.<\/p>\n<p><strong>Legitimaci\u00f3n:<\/strong> El consentimiento del usuario al solicitarnos informaci\u00f3n a trav\u00e9s de la direcci\u00f3n de correo electr\u00f3nico.<\/p>\n<p><strong>Conservaci\u00f3n:<\/strong> Hasta una vez contestada su petici\u00f3n por correo electr\u00f3nico, si no ha generado un nuevo tratamiento.<\/p>\n<ul>\n<li>FORMULARIO DE CONTACTO.<\/li>\n<\/ul>\n<p><strong>Finalidad:<\/strong> Facilitarle un medio para que pueda ponerse en contacto con nosotros y contestar a sus solicitudes de informaci\u00f3n, as\u00ed como enviarle comunicaciones de nuestros productos, servicios y ofertas, inclusive por medios electr\u00f3nicos, si marca la casilla de aceptaci\u00f3n.<\/p>\n<p><strong>Legitimaci\u00f3n:<\/strong> El consentimiento del usuario al solicitarnos informaci\u00f3n a trav\u00e9s de nuestro formulario de contactos y al marcar la casilla de aceptaci\u00f3n de env\u00edo de informaci\u00f3n.<\/p>\n<p><strong>Conservaci\u00f3n:<\/strong> Hasta una vez resulta su solicitud por medio de nuestro formulario o contestada por correo electr\u00f3nico, si no ha generado un nuevo tratamiento. En caso de haber aceptado recibir env\u00edos comerciales, hasta que solicite la baja de los mismos.<\/p>\n<p>&nbsp;<\/p>\n<ul>\n<li>FORMULARIO DE REGISTRO.<\/li>\n<\/ul>\n<p><strong>Finalidad:<\/strong> a. Tramitar y gestionar su alta como usuario registrado para facilitarle sus pr\u00f3ximas compras, al guardar sus datos. b. Enviarle informaci\u00f3n y comunicaciones de nuestros productos, servicios y ofertas, inclusive por medios electr\u00f3nicos.<\/p>\n<p><strong>Legitimaci\u00f3n: <\/strong>a. El consentimiento del usuario al registrarse en la p\u00e1gina web como usuario\/cliente. b. Inter\u00e9s leg\u00edtimo del responsable en mantener a sus usuarios\/clientes informados sobre nuestros productos, servicios y ofertas.<\/p>\n<p><strong>Conservaci\u00f3n:<\/strong> a. Durante el tiempo en el que el usuario est\u00e9 dado de alta como usuario registrado en la p\u00e1gina web. b. Mientras no ejercite su derecho de oposici\u00f3n a los env\u00edos comerciales o ejerza su derecho de cancelaci\u00f3n de sus datos personales.<\/p>\n<p><strong>\u00a0<\/strong><\/p>\n<p><strong>\u00a0<\/strong><strong>Informaci\u00f3n tratamiento de la imagen<\/strong>: <strong>GENERAL EN REFORMAS CONSTRUCTIVAS, S.L.U. <\/strong>le informa que su imagen (fotograf\u00eda y\/o video) puede ser captada durante la celebraci\u00f3n de eventos y actividades organizadas en nuestras instalaciones, para su publicaci\u00f3n en nuestra p\u00e1gina web, redes sociales u otros medios de comunicaci\u00f3n con el fin de promocionar la entidad. Si no desea aparecer en dichas publicaciones, rogamos que lo comunique expresamente al personal del establecimiento.<\/p>\n<p>&nbsp;<\/p>\n<p><strong>Obligaci\u00f3n de facilitarnos sus datos personales y consecuencias de no hacerlo.<\/strong><\/p>\n<p>El suministro de datos personales requiere una edad m\u00ednima de 14 a\u00f1os, o en su caso, disponer de capacidad jur\u00eddica suficiente para contratar.<\/p>\n<p>Los datos personales solicitados son necesarios para gestionar sus solicitudes y\/o prestarle los servicios que pueda contratar, por lo que, si no nos los facilita, no podremos atenderle correctamente ni prestarle el servicio que ha solicitado.<\/p>\n<ol start=\"3\">\n<li><strong>Destinatarios de sus datos<\/strong><\/li>\n<\/ol>\n<p>Sus datos son confidenciales y no se ceder\u00e1n a terceros, salvo que exista obligaci\u00f3n legal.<\/p>\n<p>Los datos personales que se publiquen en el blog de la p\u00e1gina web ser\u00e1n p\u00fablicos para el resto de los usuarios.<\/p>\n<ol start=\"4\">\n<li><strong>Derechos en relaci\u00f3n con sus datos personales<\/strong><\/li>\n<\/ol>\n<p>Cualquier persona puede retirar su consentimiento en cualquier momento, cuando el mismo se haya otorgado para el tratamiento de sus datos. En ning\u00fan caso, la retirada de este consentimiento condiciona la ejecuci\u00f3n del contrato de suscripci\u00f3n o las relaciones generadas con anterioridad.<\/p>\n<p>Igualmente, puede ejercer los siguientes derechos:<\/p>\n<ul>\n<li>Solicitar el acceso a sus datos personales o su rectificaci\u00f3n cuando sean inexactos.<\/li>\n<li>Solicitar su supresi\u00f3n cuando, entre otros motivos, los datos ya no sean necesarios para los fines para los que fueron recogidos.<\/li>\n<li>Solicitar la limitaci\u00f3n de su tratamiento en determinadas circunstancias.<\/li>\n<li>Solicitar la oposici\u00f3n al tratamiento de sus datos por motivos relacionados con su situaci\u00f3n particular.<\/li>\n<li>Solicitar la portabilidad de los datos en los casos previstos en la normativa.<\/li>\n<li>Otros derechos reconocidos en las normativas aplicables.<\/li>\n<\/ul>\n<p>D\u00f3nde y c\u00f3mo solicitar sus Derechos: Mediante un escrito dirigido al responsable a su direcci\u00f3n postal o electr\u00f3nica (indicadas en el apartado A), indicando la referencia \u201cDatos Personales\u201d, especificando el derecho que se quiere ejercer y respecto a qu\u00e9 datos personales.<\/p>\n<p>En caso de divergencias con la empresa en relaci\u00f3n con el tratamiento de sus datos, puede presentar una reclamaci\u00f3n ante la Autoridad de Protecci\u00f3n de Datos (<a href=\"http:\/\/www.agpd.es\/\">www.agpd.es<\/a>).<\/p>\n<ol start=\"5\">\n<li><strong>Cookies<\/strong><\/li>\n<\/ol>\n<p>Ver <u>Pol\u00edtica de Cookies<\/u>.<\/p>\n<ol start=\"6\">\n<li><strong>Seguridad de sus datos personales<\/strong><\/li>\n<\/ol>\n<p>Con el objetivo de salvaguardar la seguridad de sus datos personales, le informamos que hemos adoptado todas las medidas de \u00edndole t\u00e9cnica y organizativa necesarias para garantizar la seguridad de los datos personales suministrados de su alteraci\u00f3n, p\u00e9rdida, y tratamientos o accesos no autorizados.<\/p>\n<ol start=\"7\">\n<li><strong>Actualizaci\u00f3n de sus datos<\/strong><\/li>\n<\/ol>\n<p>Es importante que para que podamos mantener sus datos personales actualizados, nos informe siempre que haya habido alguna modificaci\u00f3n en ellos, en caso contrario, no respondemos de la veracidad de los mismos.<\/p>\n<p>No nos hacemos responsables de la pol\u00edtica de privacidad respecto a los datos personales que pueda facilitar a terceros por medio de los enlaces disponibles en nuestra p\u00e1gina web.<\/p>\n<p>La presente Pol\u00edtica de Privacidad puede ser modificada para adaptarlas a los cambios que se produzca en nuestra web, as\u00ed como modificaciones legislativas o jurisprudenciales sobre datos personales que vayan apareciendo, por lo que exige su lectura, cada vez que nos facilite sus datos a trav\u00e9s de esta Web.<\/p>\n","protected":false},"excerpt":{"rendered":"<p>La confidencialidad y la seguridad son valores primordiales de GENERAL EN REFORMAS CONSTRUCTIVAS, S.L.U. y, en consecuencia, asumimos el compromiso de garantizar la privacidad del Usuario en todo momento y de no recabar informaci\u00f3n innecesaria. A continuaci\u00f3n, le proporcionamos toda la informaci\u00f3n necesaria sobre nuestra&#8230;<\/p>\n","protected":false},"author":1,"featured_media":0,"parent":0,"menu_order":0,"comment_status":"closed","ping_status":"closed","template":"","meta":[],"_links":{"self":[{"href":"http:\/\/reformaintegral.com\/index.php\/wp-json\/wp\/v2\/pages\/458"}],"collection":[{"href":"http:\/\/reformaintegral.com\/index.php\/wp-json\/wp\/v2\/pages"}],"about":[{"href":"http:\/\/reformaintegral.com\/index.php\/wp-json\/wp\/v2\/types\/page"}],"author":[{"embeddable":true,"href":"http:\/\/reformaintegral.com\/index.php\/wp-json\/wp\/v2\/users\/1"}],"replies":[{"embeddable":true,"href":"http:\/\/reformaintegral.com\/index.php\/wp-json\/wp\/v2\/comments?post=458"}],"version-history":[{"count":1,"href":"http:\/\/reformaintegral.com\/index.php\/wp-json\/wp\/v2\/pages\/458\/revisions"}],"predecessor-version":[{"id":459,"href":"http:\/\/reformaintegral.com\/index.php\/wp-json\/wp\/v2\/pages\/458\/revisions\/459"}],"wp:attachment":[{"href":"http:\/\/reformaintegral.com\/index.php\/wp-json\/wp\/v2\/media?parent=458"}],"curies":[{"name":"wp","href":"https:\/\/api.w.org\/{rel}","templated":true}]}}