{"id":384,"date":"2021-02-16T08:23:59","date_gmt":"2021-02-16T08:23:59","guid":{"rendered":"http:\/\/webnroll.es\/reformas\/?page_id=384"},"modified":"2021-02-16T09:00:06","modified_gmt":"2021-02-16T09:00:06","slug":"contacto","status":"publish","type":"page","link":"http:\/\/reformaintegral.com\/index.php\/contacto\/","title":{"rendered":"Contacto"},"content":{"rendered":"<h4><strong>Direcci\u00f3n:<\/strong>\u00a0Calle Barcelona n\u00b0 15, Alcobendas (28100), Madrid<\/h4>\n<h4>\u00a0<\/h4>\n<h4><strong>Tel\u00e9fono y fax:<\/strong>\u00a0(+34) 916531043<\/h4>\n<h4>\u00a0<\/h4>\n<h4><strong>M\u00f3vil:<\/strong>\u00a0(+34) 667 585 640<\/h4>\n<h4>\u00a0<\/h4>\n<h4><strong>Correo electr\u00f3nico:<\/strong>\u00a0<a href=\"mailto:informacion%40reforma-integral.com%3FSubject%3DSolicitud%2520de%2520informaci%26oacute%3Bn\">informacion@reforma-integral.com<\/a><\/h4>\n<div class=\"BorlabsCookie\"><div class=\"_brlbs-content-blocker\"> <div class=\"_brlbs-embed _brlbs-google-maps\"> <img class=\"_brlbs-thumbnail\" src=\"http:\/\/reformaintegral.com\/wp-content\/plugins\/borlabs-cookie\/images\/cb-maps.png\" alt=\"Google Maps\"> <div class=\"_brlbs-caption\"> <p>Al cargar el mapa, acepta la pol\u00edtica de privacidad de Google.<br><a href=\"https:\/\/policies.google.com\/privacy?hl=en&amp;gl=en\" target=\"_blank\" rel=\"nofollow noopener noreferrer\">M\u00e1s informaci\u00f3n<\/a><\/p> <p><a class=\"_brlbs-btn\" href=\"#\" data-borlabs-cookie-unblock role=\"button\">Cargar el mapa<\/a><\/p> <p><label><input type=\"checkbox\" name=\"unblockAll\" value=\"1\" checked> <small>Desbloquear Google Maps siempre<\/small><\/label><\/p> <\/div> <\/div> <\/div><div class=\"borlabs-hide\" data-borlabs-cookie-type=\"content-blocker\" data-borlabs-cookie-id=\"googlemaps\"><script type=\"text\/template\">PHA+PGlmcmFtZSBsb2FkaW5nPSJsYXp5IiBzcmM9Imh0dHBzOi8vd3d3Lmdvb2dsZS5jb20vbWFwcy9lbWJlZD9wYj0hMW0xNCExbTghMW0zITFkNjA2My45MjQ2OTUxNTA3NzUhMmQtMy42Mjg3OTQhM2Q0MC41NDI0MjEhM20yITFpMTAyNCEyaTc2OCE0ZjEzLjEhM20zITFtMiExczB4ZDQyMmNmYmQ3OTI5MDNkJTNBMHgzYjNiOWFkZjliZGJkZjI3ITJzQ2FsbGUlMjBkZSUyMEJhcmNlbG9uYSUyQyUyMDE1JTJDJTIwMjgxMDAlMjBBbGNvYmVuZGFzJTJDJTIwTWFkcmlkITVlMCEzbTIhMXNlcyEyc2VzITR2MTYxMzQ2NTk2Mzg2OCE1bTIhMXNlcyEyc2VzIiB3aWR0aD0iNjAwIiBoZWlnaHQ9IjQ1MCIgZnJhbWVib3JkZXI9IjAiIHN0eWxlPSJib3JkZXI6MDsiIGFsbG93ZnVsbHNjcmVlbj0iIiBhcmlhLWhpZGRlbj0iZmFsc2UiIHRhYmluZGV4PSIwIj48L2lmcmFtZT48L3A+<\/script><\/div><\/div>\n","protected":false},"excerpt":{"rendered":"<p>Direcci\u00f3n:\u00a0Calle Barcelona n\u00b0 15, Alcobendas (28100), Madrid \u00a0 Tel\u00e9fono y fax:\u00a0(+34) 916531043 \u00a0 M\u00f3vil:\u00a0(+34) 667 585 640 \u00a0 Correo electr\u00f3nico:\u00a0informacion@reforma-integral.com Al cargar el mapa, acepta la pol\u00edtica de privacidad de Google.M\u00e1s informaci\u00f3n Cargar el mapa Desbloquear Google Maps siempre<\/p>\n","protected":false},"author":1,"featured_media":0,"parent":0,"menu_order":0,"comment_status":"closed","ping_status":"closed","template":"","meta":[],"_links":{"self":[{"href":"http:\/\/reformaintegral.com\/index.php\/wp-json\/wp\/v2\/pages\/384"}],"collection":[{"href":"http:\/\/reformaintegral.com\/index.php\/wp-json\/wp\/v2\/pages"}],"about":[{"href":"http:\/\/reformaintegral.com\/index.php\/wp-json\/wp\/v2\/types\/page"}],"author":[{"embeddable":true,"href":"http:\/\/reformaintegral.com\/index.php\/wp-json\/wp\/v2\/users\/1"}],"replies":[{"embeddable":true,"href":"http:\/\/reformaintegral.com\/index.php\/wp-json\/wp\/v2\/comments?post=384"}],"version-history":[{"count":2,"href":"http:\/\/reformaintegral.com\/index.php\/wp-json\/wp\/v2\/pages\/384\/revisions"}],"predecessor-version":[{"id":386,"href":"http:\/\/reformaintegral.com\/index.php\/wp-json\/wp\/v2\/pages\/384\/revisions\/386"}],"wp:attachment":[{"href":"http:\/\/reformaintegral.com\/index.php\/wp-json\/wp\/v2\/media?parent=384"}],"curies":[{"name":"wp","href":"https:\/\/api.w.org\/{rel}","templated":true}]}}