{"id":376,"date":"2021-02-16T07:44:26","date_gmt":"2021-02-16T07:44:26","guid":{"rendered":"http:\/\/webnroll.es\/reformas\/?page_id=376"},"modified":"2021-02-16T08:11:14","modified_gmt":"2021-02-16T08:11:14","slug":"servicios","status":"publish","type":"page","link":"http:\/\/reformaintegral.com\/index.php\/servicios\/","title":{"rendered":"Servicios"},"content":{"rendered":"<h2>Realizamos obras con toda clase de oficios, asesoramiento y distribuci\u00f3n de habit\u00e1culos.<\/h2>\n<h3>\nFontaner\u00eda y calefacci\u00f3n<br \/>\n<\/h3>\n<p style=\"text-align: center;\">Red sanitaria, acometidas, distribuciones, radiadores, calderas\u2026<\/p>\n<h3>\nElectricidad<br \/>\n<\/h3>\n<p style=\"text-align: center;\">Cuadros de luz, l\u00edneas el\u00e9ctricas, iluminaci\u00f3n, acometidas\u2026<\/p>\n<h3>\nAire acondicionado<br \/>\n<\/h3>\n<p style=\"text-align: center;\">Split, conductos por techos\u2026<\/p>\n<h3>\nCarpinter\u00eda<br \/>\n<\/h3>\n<p style=\"text-align: center;\">Puertas, armarios, parquet, tarima flotante\u2026<\/p>\n<h3>\nAlba\u00f1iler\u00eda<br \/>\n<\/h3>\n<p style=\"text-align: center;\">Tabiquer\u00eda de obra, pladur, escayola, solados, alicatados, yeso\u2026<\/p>\n<h3>Pintura<br \/>\n<\/h3>\n<p style=\"text-align: center;\">Estucos, pl\u00e1stico, temple, esponjeados, rallados\u2026<\/p>\n","protected":false},"excerpt":{"rendered":"<p>Realizamos obras con toda clase de oficios, asesoramiento y distribuci\u00f3n de habit\u00e1culos. Fontaner\u00eda y calefacci\u00f3n Red sanitaria, acometidas, distribuciones, radiadores, calderas\u2026 Electricidad Cuadros de luz, l\u00edneas el\u00e9ctricas, iluminaci\u00f3n, acometidas\u2026 Aire acondicionado Split, conductos por techos\u2026 Carpinter\u00eda Puertas, armarios, parquet, tarima flotante\u2026 Alba\u00f1iler\u00eda Tabiquer\u00eda de obra,&#8230;<\/p>\n","protected":false},"author":1,"featured_media":0,"parent":0,"menu_order":0,"comment_status":"closed","ping_status":"closed","template":"","meta":[],"_links":{"self":[{"href":"http:\/\/reformaintegral.com\/index.php\/wp-json\/wp\/v2\/pages\/376"}],"collection":[{"href":"http:\/\/reformaintegral.com\/index.php\/wp-json\/wp\/v2\/pages"}],"about":[{"href":"http:\/\/reformaintegral.com\/index.php\/wp-json\/wp\/v2\/types\/page"}],"author":[{"embeddable":true,"href":"http:\/\/reformaintegral.com\/index.php\/wp-json\/wp\/v2\/users\/1"}],"replies":[{"embeddable":true,"href":"http:\/\/reformaintegral.com\/index.php\/wp-json\/wp\/v2\/comments?post=376"}],"version-history":[{"count":5,"href":"http:\/\/reformaintegral.com\/index.php\/wp-json\/wp\/v2\/pages\/376\/revisions"}],"predecessor-version":[{"id":382,"href":"http:\/\/reformaintegral.com\/index.php\/wp-json\/wp\/v2\/pages\/376\/revisions\/382"}],"wp:attachment":[{"href":"http:\/\/reformaintegral.com\/index.php\/wp-json\/wp\/v2\/media?parent=376"}],"curies":[{"name":"wp","href":"https:\/\/api.w.org\/{rel}","templated":true}]}}